{"id":2635,"date":"2024-06-20T12:06:22","date_gmt":"2024-06-20T10:06:22","guid":{"rendered":"https:\/\/ftgmoheda.com\/?post_type=product&#038;p=2635"},"modified":"2026-02-18T16:38:14","modified_gmt":"2026-02-18T14:38:14","slug":"arbetsbelysning-led","status":"publish","type":"product","link":"https:\/\/ftgmoheda.com\/sv\/produkt\/arbetsbelysning-led\/","title":{"rendered":"Arbetsbelysning LED"},"content":{"rendered":"<p>Det finns flera olika typer av arbetsbelysning f\u00f6r din kran och skogsvagn som underl\u00e4ttar arbetet \u00e4ven n\u00e4r det \u00e4r m\u00f6rkt.<\/p>\n<p>Se nedan f\u00f6r att avg\u00f6ra vad som passar b\u00e4st f\u00f6r din utrustning:<\/p>\n<p><strong>Produktnr \/ Plats \/ Passar<\/strong><\/p>\n<p>FA0427 \/ P\u00e5 pelare (2 st) \/ K31T, K41T, M41T, M51T, M51DT, M81T, M81DT<\/p>\n<p>FA0786 \/ P\u00e5 vikarm (2 st) \/ K31T, K41T, M41T<\/p>\n<p>FA0786 \/ Under vikarm \/ M51T, M51DT, M81T, M81DT<\/p>\n<p>FA0787 \/ vagnspaket (1 bakljus, 2\u00a0 under vridmotorer) \/ M101-M151<\/p>\n","protected":false},"excerpt":{"rendered":"<p>Det finns flera olika typer av arbetsbelysning f\u00f6r din kran och skogsvagn som underl\u00e4ttar arbetet \u00e4ven n\u00e4r det \u00e4r m\u00f6rkt. Se nedan f\u00f6r att avg\u00f6ra vad som passar b\u00e4st f\u00f6r din utrustning: Produktnr \/ Plats \/ Passar FA0427 \/ P\u00e5 pelare (2 st) \/ K31T, K41T, M41T, M51T, M51DT, M81T, M81DT FA0786 \/ P\u00e5 vikarm [&hellip;]<\/p>\n","protected":false},"featured_media":2392,"comment_status":"closed","ping_status":"closed","template":"","meta":{"_acf_changed":false,"inline_featured_image":false},"product_cat":[51,59],"product_tag":[],"acf":[],"_links":{"self":[{"href":"https:\/\/ftgmoheda.com\/sv\/wp-json\/wp\/v2\/product\/2635"}],"collection":[{"href":"https:\/\/ftgmoheda.com\/sv\/wp-json\/wp\/v2\/product"}],"about":[{"href":"https:\/\/ftgmoheda.com\/sv\/wp-json\/wp\/v2\/types\/product"}],"replies":[{"embeddable":true,"href":"https:\/\/ftgmoheda.com\/sv\/wp-json\/wp\/v2\/comments?post=2635"}],"wp:featuredmedia":[{"embeddable":true,"href":"https:\/\/ftgmoheda.com\/sv\/wp-json\/wp\/v2\/media\/2392"}],"wp:attachment":[{"href":"https:\/\/ftgmoheda.com\/sv\/wp-json\/wp\/v2\/media?parent=2635"}],"wp:term":[{"taxonomy":"product_cat","embeddable":true,"href":"https:\/\/ftgmoheda.com\/sv\/wp-json\/wp\/v2\/product_cat?post=2635"},{"taxonomy":"product_tag","embeddable":true,"href":"https:\/\/ftgmoheda.com\/sv\/wp-json\/wp\/v2\/product_tag?post=2635"}],"curies":[{"name":"wp","href":"https:\/\/api.w.org\/{rel}","templated":true}]}}