{"id":2963,"date":"2024-08-14T07:20:00","date_gmt":"2024-08-14T05:20:00","guid":{"rendered":"https:\/\/ftgmoheda.com\/?post_type=product&#038;p=2963"},"modified":"2024-08-14T09:27:27","modified_gmt":"2024-08-14T07:27:27","slug":"risgrip-fb160s","status":"publish","type":"product","link":"https:\/\/ftgmoheda.com\/sv\/produkt\/risgrip-fb160s\/","title":{"rendered":"Risgrip FB160S"},"content":{"rendered":"<p>FB190S \u00e4r en popul\u00e4r risgrip f\u00f6r de sm\u00e5 och mellanstora kranarna.<\/p>\n<p>Axeltapp \u00d849 mm (passar 3-tons rotator).<\/p>\n<p>FB160S passar Moheda <a href=\"https:\/\/ftgmoheda.com\/product\/crane-k31t\/\">K31T.<\/a><\/p>\n","protected":false},"excerpt":{"rendered":"<p>FB190S \u00e4r en popul\u00e4r risgrip f\u00f6r de sm\u00e5 och mellanstora kranarna. Axeltapp \u00d849 mm (passar 3-tons rotator). FB160S passar Moheda K31T.<\/p>\n","protected":false},"featured_media":2952,"comment_status":"closed","ping_status":"closed","template":"","meta":{"_acf_changed":false,"inline_featured_image":false},"product_cat":[53],"product_tag":[],"acf":[],"_links":{"self":[{"href":"https:\/\/ftgmoheda.com\/sv\/wp-json\/wp\/v2\/product\/2963"}],"collection":[{"href":"https:\/\/ftgmoheda.com\/sv\/wp-json\/wp\/v2\/product"}],"about":[{"href":"https:\/\/ftgmoheda.com\/sv\/wp-json\/wp\/v2\/types\/product"}],"replies":[{"embeddable":true,"href":"https:\/\/ftgmoheda.com\/sv\/wp-json\/wp\/v2\/comments?post=2963"}],"wp:featuredmedia":[{"embeddable":true,"href":"https:\/\/ftgmoheda.com\/sv\/wp-json\/wp\/v2\/media\/2952"}],"wp:attachment":[{"href":"https:\/\/ftgmoheda.com\/sv\/wp-json\/wp\/v2\/media?parent=2963"}],"wp:term":[{"taxonomy":"product_cat","embeddable":true,"href":"https:\/\/ftgmoheda.com\/sv\/wp-json\/wp\/v2\/product_cat?post=2963"},{"taxonomy":"product_tag","embeddable":true,"href":"https:\/\/ftgmoheda.com\/sv\/wp-json\/wp\/v2\/product_tag?post=2963"}],"curies":[{"name":"wp","href":"https:\/\/api.w.org\/{rel}","templated":true}]}}