{"id":2966,"date":"2024-08-14T07:23:18","date_gmt":"2024-08-14T05:23:18","guid":{"rendered":"https:\/\/ftgmoheda.com\/?post_type=product&#038;p=2966"},"modified":"2024-08-14T09:30:00","modified_gmt":"2024-08-14T07:30:00","slug":"virkesgrip-fb190wf","status":"publish","type":"product","link":"https:\/\/ftgmoheda.com\/sv\/produkt\/virkesgrip-fb190wf\/","title":{"rendered":"Virkesgrip FB190WF"},"content":{"rendered":"<p>FB190WF \u00e4r bredare \u00e4n FB190 och passar de medelstora kranarna. Passar f\u00f6r fl\u00e4nsmonterad rotator eller med adapterplatta 49\/59 mm axel.<\/p>\n<p>FB190WF passar till Moheda K30, <a href=\"https:\/\/ftgmoheda.com\/product\/crane-k31t\/\">K31T<\/a>, K35, <a href=\"https:\/\/ftgmoheda.com\/product\/crane-k41t\/\">K41T<\/a> kranar.<\/p>\n","protected":false},"excerpt":{"rendered":"<p>FB190WF \u00e4r bredare \u00e4n FB190 och passar de medelstora kranarna. Passar f\u00f6r fl\u00e4nsmonterad rotator eller med adapterplatta 49\/59 mm axel. FB190WF passar till Moheda K30, K31T, K35, K41T kranar.<\/p>\n","protected":false},"featured_media":2956,"comment_status":"closed","ping_status":"closed","template":"","meta":{"_acf_changed":false,"inline_featured_image":false},"product_cat":[53],"product_tag":[],"acf":[],"_links":{"self":[{"href":"https:\/\/ftgmoheda.com\/sv\/wp-json\/wp\/v2\/product\/2966"}],"collection":[{"href":"https:\/\/ftgmoheda.com\/sv\/wp-json\/wp\/v2\/product"}],"about":[{"href":"https:\/\/ftgmoheda.com\/sv\/wp-json\/wp\/v2\/types\/product"}],"replies":[{"embeddable":true,"href":"https:\/\/ftgmoheda.com\/sv\/wp-json\/wp\/v2\/comments?post=2966"}],"wp:featuredmedia":[{"embeddable":true,"href":"https:\/\/ftgmoheda.com\/sv\/wp-json\/wp\/v2\/media\/2956"}],"wp:attachment":[{"href":"https:\/\/ftgmoheda.com\/sv\/wp-json\/wp\/v2\/media?parent=2966"}],"wp:term":[{"taxonomy":"product_cat","embeddable":true,"href":"https:\/\/ftgmoheda.com\/sv\/wp-json\/wp\/v2\/product_cat?post=2966"},{"taxonomy":"product_tag","embeddable":true,"href":"https:\/\/ftgmoheda.com\/sv\/wp-json\/wp\/v2\/product_tag?post=2966"}],"curies":[{"name":"wp","href":"https:\/\/api.w.org\/{rel}","templated":true}]}}