{"id":2969,"date":"2024-08-14T07:26:41","date_gmt":"2024-08-14T05:26:41","guid":{"rendered":"https:\/\/ftgmoheda.com\/?post_type=product&#038;p=2969"},"modified":"2024-08-14T09:32:07","modified_gmt":"2024-08-14T07:32:07","slug":"risgrip-fb190s","status":"publish","type":"product","link":"https:\/\/ftgmoheda.com\/sv\/produkt\/risgrip-fb190s\/","title":{"rendered":"Risgrip FB190S"},"content":{"rendered":"<p>FB190S \u00e4r en popul\u00e4r risgrip f\u00f6r de sm\u00e5 och mellanstora kranarna.<\/p>\n<p>Axeltapp \u00d849 mm (passar 3-tons rotator).<\/p>\n<p>Passar f\u00f6ljande Mohedakranar; K30, <a href=\"https:\/\/ftgmoheda.com\/product\/crane-k31t\/\">K31T<\/a>, K35, <a href=\"https:\/\/ftgmoheda.com\/product\/crane-k41t\/\">K41T<\/a>.<\/p>\n","protected":false},"excerpt":{"rendered":"<p>FB190S \u00e4r en popul\u00e4r risgrip f\u00f6r de sm\u00e5 och mellanstora kranarna. Axeltapp \u00d849 mm (passar 3-tons rotator). Passar f\u00f6ljande Mohedakranar; K30, K31T, K35, K41T.<\/p>\n","protected":false},"featured_media":2960,"comment_status":"closed","ping_status":"closed","template":"","meta":{"_acf_changed":false,"inline_featured_image":false},"product_cat":[53],"product_tag":[],"acf":[],"_links":{"self":[{"href":"https:\/\/ftgmoheda.com\/sv\/wp-json\/wp\/v2\/product\/2969"}],"collection":[{"href":"https:\/\/ftgmoheda.com\/sv\/wp-json\/wp\/v2\/product"}],"about":[{"href":"https:\/\/ftgmoheda.com\/sv\/wp-json\/wp\/v2\/types\/product"}],"replies":[{"embeddable":true,"href":"https:\/\/ftgmoheda.com\/sv\/wp-json\/wp\/v2\/comments?post=2969"}],"wp:featuredmedia":[{"embeddable":true,"href":"https:\/\/ftgmoheda.com\/sv\/wp-json\/wp\/v2\/media\/2960"}],"wp:attachment":[{"href":"https:\/\/ftgmoheda.com\/sv\/wp-json\/wp\/v2\/media?parent=2969"}],"wp:term":[{"taxonomy":"product_cat","embeddable":true,"href":"https:\/\/ftgmoheda.com\/sv\/wp-json\/wp\/v2\/product_cat?post=2969"},{"taxonomy":"product_tag","embeddable":true,"href":"https:\/\/ftgmoheda.com\/sv\/wp-json\/wp\/v2\/product_tag?post=2969"}],"curies":[{"name":"wp","href":"https:\/\/api.w.org\/{rel}","templated":true}]}}