{"id":3837,"date":"2025-04-24T11:17:16","date_gmt":"2025-04-24T09:17:16","guid":{"rendered":"https:\/\/ftgmoheda.com\/?post_type=product&#038;p=3837"},"modified":"2025-11-10T16:43:34","modified_gmt":"2025-11-10T14:43:34","slug":"skogskran-m51dt","status":"publish","type":"product","link":"https:\/\/ftgmoheda.com\/sv\/produkt\/skogskran-m51dt\/","title":{"rendered":"Skogskran M51DT"},"content":{"rendered":"<p>Moheda M51DT \u00e4r avsedd f\u00f6r Mohedavagnarna <a href=\"https:\/\/ftgmoheda.com\/sv\/produkt\/skogsvagn-m121\/\">M121<\/a>, <a href=\"https:\/\/ftgmoheda.com\/sv\/produkt\/skogsvagn-m141\/\">M141<\/a>, <a href=\"https:\/\/ftgmoheda.com\/sv\/produkt\/skogsvagn-m121-4wd\/\">M121-4WD<\/a>, <a href=\"https:\/\/ftgmoheda.com\/sv\/produkt\/skogsvagn-m121-2nd\/\">M121-2ND<\/a>, <a href=\"https:\/\/ftgmoheda.com\/sv\/produkt\/skogsvagn-m141-4wd\/\">M141-4WD<\/a>\u00a0 och <a href=\"https:\/\/ftgmoheda.com\/sv\/produkt\/skogsvagn-m151-4wd\/\">M151-4WD<\/a><\/p>\n<p>Kranen M51DT \u00e4r kraftfull med l\u00e5ng r\u00e4ckvidd. Den \u00e4r utrustad med en dubbel teleskoparm med en r\u00e4ckvidd\/lyftkraft p\u00e5 8,7 m\/360 kg p\u00e5 full r\u00e4ckvidd och en sv\u00e4ngkraft p\u00e5 16 kNm<\/p>\n<p>L\u00e4nksystem och \u00f6vermonterad lyftcylinder ger b\u00e4ttre r\u00f6relsem\u00f6nster och den har ett lyftmoment p\u00e5 55 kNm. Den \u201dvinklade\u201d lyftarm ger kranen lyftkraft d\u00e4r den beh\u00f6vs som mest<\/p>\n<p>Som standard \u00e4r den utrustad med <a href=\"https:\/\/ftgmoheda.com\/sv\/produkt\/rotator-cr-400-2\/\">CR400 rotator<\/a> med bromsad l\u00e4nk, <a href=\"https:\/\/ftgmoheda.com\/sv\/produkt\/virkesgrip-fb210\/\">FB210 grip<\/a> och flerspaksventil.<\/p>\n","protected":false},"excerpt":{"rendered":"<p>Moheda M51DT \u00e4r avsedd f\u00f6r Mohedavagnarna M121, M141, M121-4WD, M121-2ND, M141-4WD\u00a0 och M151-4WD Kranen M51DT \u00e4r kraftfull med l\u00e5ng r\u00e4ckvidd. Den \u00e4r utrustad med en dubbel teleskoparm med en r\u00e4ckvidd\/lyftkraft p\u00e5 8,7 m\/360 kg p\u00e5 full r\u00e4ckvidd och en sv\u00e4ngkraft p\u00e5 16 kNm L\u00e4nksystem och \u00f6vermonterad lyftcylinder ger b\u00e4ttre r\u00f6relsem\u00f6nster och den har ett lyftmoment [&hellip;]<\/p>\n","protected":false},"featured_media":3880,"comment_status":"closed","ping_status":"closed","template":"","meta":{"_acf_changed":false,"inline_featured_image":false},"product_cat":[35],"product_tag":[],"acf":[],"_links":{"self":[{"href":"https:\/\/ftgmoheda.com\/sv\/wp-json\/wp\/v2\/product\/3837"}],"collection":[{"href":"https:\/\/ftgmoheda.com\/sv\/wp-json\/wp\/v2\/product"}],"about":[{"href":"https:\/\/ftgmoheda.com\/sv\/wp-json\/wp\/v2\/types\/product"}],"replies":[{"embeddable":true,"href":"https:\/\/ftgmoheda.com\/sv\/wp-json\/wp\/v2\/comments?post=3837"}],"wp:featuredmedia":[{"embeddable":true,"href":"https:\/\/ftgmoheda.com\/sv\/wp-json\/wp\/v2\/media\/3880"}],"wp:attachment":[{"href":"https:\/\/ftgmoheda.com\/sv\/wp-json\/wp\/v2\/media?parent=3837"}],"wp:term":[{"taxonomy":"product_cat","embeddable":true,"href":"https:\/\/ftgmoheda.com\/sv\/wp-json\/wp\/v2\/product_cat?post=3837"},{"taxonomy":"product_tag","embeddable":true,"href":"https:\/\/ftgmoheda.com\/sv\/wp-json\/wp\/v2\/product_tag?post=3837"}],"curies":[{"name":"wp","href":"https:\/\/api.w.org\/{rel}","templated":true}]}}