{"id":4341,"date":"2025-11-10T15:39:19","date_gmt":"2025-11-10T13:39:19","guid":{"rendered":"https:\/\/ftgmoheda.com\/?post_type=product&#038;p=4341"},"modified":"2025-11-12T13:15:10","modified_gmt":"2025-11-12T11:15:10","slug":"virkesgrip-fb210","status":"publish","type":"product","link":"https:\/\/ftgmoheda.com\/sv\/produkt\/virkesgrip-fb210\/","title":{"rendered":"Virkesgrip FB210"},"content":{"rendered":"<p>Virkesgrip FB210 \u00e4r en symmetrisk grip avsedd f\u00f6r professionellt bruk.\u00a0F\u00f6rst\u00e4rkt k\u00e4ftkonstruktion, utformad f\u00f6r bred \u00f6ppning, h\u00f6g greppkraft och snabba cykeltider som maximerar prestandan.<\/p>\n<p>Gripramen och armarna \u00e4r tillverkade av h\u00f6gh\u00e5llfast DOMEX-st\u00e5l, vilket s\u00e4kerst\u00e4ller gripens h\u00e5llbarhet och l\u00e5nga livsl\u00e4ngd \u00e4ven under tuffa f\u00f6rh\u00e5llanden.<\/p>\n<p>(Adapter KA1863 (49mm) eller KA2039 (59mm) kr\u00e4vs f\u00f6r rotatorer med tapp. Passar 3t- eller 4t-rotator.<\/p>\n<p>L\u00e4mplig f\u00f6r Moheda K35, <a href=\"https:\/\/ftgmoheda.com\/sv\/produkt\/skogskran-k41t\/\">K41T<\/a>, M40, <a href=\"http:\/\/m41t\" target=\"_blank\">M41T<\/a>,\u00a0 M50, <a href=\"https:\/\/ftgmoheda.com\/sv\/produkt\/skogskran-m51t\/\">M51T<\/a>, <a href=\"https:\/\/ftgmoheda.com\/sv\/produkt\/skogskran-m51dt\/\">M51DT<\/a> och M60.<\/p>\n<p>&nbsp;<\/p>\n<p>&nbsp;<\/p>\n","protected":false},"excerpt":{"rendered":"<p>Virkesgrip FB210 \u00e4r en symmetrisk grip avsedd f\u00f6r professionellt bruk.\u00a0F\u00f6rst\u00e4rkt k\u00e4ftkonstruktion, utformad f\u00f6r bred \u00f6ppning, h\u00f6g greppkraft och snabba cykeltider som maximerar prestandan. Gripramen och armarna \u00e4r tillverkade av h\u00f6gh\u00e5llfast DOMEX-st\u00e5l, vilket s\u00e4kerst\u00e4ller gripens h\u00e5llbarhet och l\u00e5nga livsl\u00e4ngd \u00e4ven under tuffa f\u00f6rh\u00e5llanden. (Adapter KA1863 (49mm) eller KA2039 (59mm) kr\u00e4vs f\u00f6r rotatorer med tapp. Passar 3t- [&hellip;]<\/p>\n","protected":false},"featured_media":4355,"comment_status":"closed","ping_status":"closed","template":"","meta":{"_acf_changed":false,"inline_featured_image":false},"product_cat":[34,53],"product_tag":[],"acf":[],"_links":{"self":[{"href":"https:\/\/ftgmoheda.com\/sv\/wp-json\/wp\/v2\/product\/4341"}],"collection":[{"href":"https:\/\/ftgmoheda.com\/sv\/wp-json\/wp\/v2\/product"}],"about":[{"href":"https:\/\/ftgmoheda.com\/sv\/wp-json\/wp\/v2\/types\/product"}],"replies":[{"embeddable":true,"href":"https:\/\/ftgmoheda.com\/sv\/wp-json\/wp\/v2\/comments?post=4341"}],"wp:featuredmedia":[{"embeddable":true,"href":"https:\/\/ftgmoheda.com\/sv\/wp-json\/wp\/v2\/media\/4355"}],"wp:attachment":[{"href":"https:\/\/ftgmoheda.com\/sv\/wp-json\/wp\/v2\/media?parent=4341"}],"wp:term":[{"taxonomy":"product_cat","embeddable":true,"href":"https:\/\/ftgmoheda.com\/sv\/wp-json\/wp\/v2\/product_cat?post=4341"},{"taxonomy":"product_tag","embeddable":true,"href":"https:\/\/ftgmoheda.com\/sv\/wp-json\/wp\/v2\/product_tag?post=4341"}],"curies":[{"name":"wp","href":"https:\/\/api.w.org\/{rel}","templated":true}]}}